{"id":842,"date":"2025-06-13T16:34:28","date_gmt":"2025-06-13T14:34:28","guid":{"rendered":"https:\/\/links.cerist.dz\/?page_id=842"},"modified":"2025-07-03T14:53:34","modified_gmt":"2025-07-03T12:53:34","slug":"links24","status":"publish","type":"page","link":"https:\/\/links.cerist.dz\/index.php\/links24\/","title":{"rendered":"LINKS&rsquo;2024"},"content":{"rendered":"<p><img fetchpriority=\"high\" decoding=\"async\" class=\"aligncenter wp-image-219 size-full\" src=\"http:\/\/links.cerist.dz\/wp-content\/uploads\/2024\/12\/BANNIERE-SITE-Modifiee22h50.jpg\" alt=\"\" width=\"1601\" height=\"301\" srcset=\"https:\/\/links.cerist.dz\/wp-content\/uploads\/2024\/12\/BANNIERE-SITE-Modifiee22h50.jpg 1601w, https:\/\/links.cerist.dz\/wp-content\/uploads\/2024\/12\/BANNIERE-SITE-Modifiee22h50-300x56.jpg 300w, https:\/\/links.cerist.dz\/wp-content\/uploads\/2024\/12\/BANNIERE-SITE-Modifiee22h50-1024x193.jpg 1024w, https:\/\/links.cerist.dz\/wp-content\/uploads\/2024\/12\/BANNIERE-SITE-Modifiee22h50-768x144.jpg 768w, https:\/\/links.cerist.dz\/wp-content\/uploads\/2024\/12\/BANNIERE-SITE-Modifiee22h50-1536x289.jpg 1536w\" sizes=\"(max-width: 1601px) 100vw, 1601px\" \/><\/p>\n<h3 style=\"text-align: justify;\"><strong><span style=\"color: #000080;\">Pr\u00e9ambule<\/span><\/strong><\/h3>\n<p style=\"text-align: justify;\"><span style=\"font-weight: 400; color: #000000;\">Ce workshop met en lumi\u00e8re la synergie entre le centre de recherche CERIST, les acteurs socio-\u00e9conomiques, et les services publics op\u00e9rant dans des secteurs strat\u00e9giques. Il vise \u00e0 co-d\u00e9velopper des projets technologiques innovants en r\u00e9unissant chercheurs, ing\u00e9nieurs, industriels et d\u00e9cideurs publics. Ce cadre de collaboration favorise la rencontre d\u2019id\u00e9es et d\u2019expertises pour r\u00e9pondre aux enjeux technologiques actuels et futurs.<\/span><\/p>\n<p style=\"text-align: justify;\"><span style=\"font-weight: 400; color: #000000;\">Les divisions de recherche du CERIST et les experts pr\u00e9senteront leurs domaines d\u2019expertise, leur exp\u00e9rience, et leur vision de collaboration avec les partenaires industriels et institutionnels. De leur c\u00f4t\u00e9, les acteurs des secteurs strat\u00e9giques partageront les d\u00e9fis qu&rsquo;ils rencontrent dans leurs activit\u00e9s et discuteront des solutions potentielles gr\u00e2ce \u00e0 des partenariats technologiques.<\/span><\/p>\n<p style=\"text-align: justify;\"><span style=\"font-weight: 400; color: #000000;\">Dans un esprit d&rsquo;innovation ouverte, ce workshop explore les moyens d\u2019int\u00e9grer des technologies avanc\u00e9es telles que l&rsquo;Internet des objets (IoT), l\u2019intelligence artificielle (IA), l\u2019analyse de donn\u00e9es et la cybers\u00e9curit\u00e9 dans les processus industriels et les services publics. Les th\u00e8mes abord\u00e9s couvriront des enjeux vari\u00e9s : maintenance pr\u00e9dictive, cybers\u00e9curit\u00e9 des infrastructures critiques, optimisation des processus gr\u00e2ce \u00e0 la digitalisation, ou encore surveillance avanc\u00e9e pour renforcer la s\u00e9curit\u00e9 nationale.<\/span><\/p>\n<p style=\"text-align: justify;\"><span style=\"font-weight: 400; color: #000000;\">Ensemble, les participants travailleront \u00e0 la conception de solutions concr\u00e8tes pour stimuler l&rsquo;innovation technologique, tout en ouvrant la voie \u00e0 de nouvelles opportunit\u00e9s de collaboration et d\u2019incubation. Ce cadre de discussion permettra d\u2019\u00e9tablir une feuille de route claire pour des solutions adapt\u00e9es aux sp\u00e9cificit\u00e9s du march\u00e9 national et international, et d\u2019assurer la durabilit\u00e9 des partenariats cr\u00e9\u00e9s.<\/span><\/p>\n<h3 style=\"text-align: justify;\"><span style=\"color: #000080;\"><strong>Objectifs :<\/strong><\/span><\/h3>\n<ul>\n<li style=\"font-weight: 400; text-align: justify;\" aria-level=\"1\"><span style=\"font-weight: 400; color: #000000;\">Pr\u00e9senter les domaines d&rsquo;expertise et les capacit\u00e9s de recherche du CERIST ;<\/span><\/li>\n<li style=\"font-weight: 400; text-align: justify;\" aria-level=\"1\"><span style=\"font-weight: 400; color: #000000;\">Identifier les d\u00e9fis technologiques des secteurs strat\u00e9giques;<\/span><\/li>\n<li style=\"font-weight: 400; text-align: justify;\" aria-level=\"1\"><span style=\"font-weight: 400; color: #000000;\">Analyser les besoins sp\u00e9cifiques des partenaires industriels et d\u00e9cideurs publics pour d\u00e9velopper des solutions adapt\u00e9es ;<\/span><\/li>\n<li style=\"font-weight: 400; text-align: justify;\" aria-level=\"1\"><span style=\"font-weight: 400; color: #000000;\">Concevoir une feuille de route d\u00e9taillant les \u00e9tapes des futurs partenariats technologiques ;<\/span><\/li>\n<li style=\"font-weight: 400; text-align: justify;\" aria-level=\"1\"><span style=\"font-weight: 400; color: #000000;\">Renforcer le networking entre chercheurs, industriels, et d\u00e9cideurs publics pour encourager des collaborations p\u00e9rennes ;<\/span><\/li>\n<li style=\"font-weight: 400; text-align: justify;\" aria-level=\"1\"><span style=\"font-weight: 400; color: #000000;\">Stimuler le d\u00e9veloppement de projets pilotes et prototypes innovants int\u00e9grant l\u2019IoT, l\u2019IA, la science des donn\u00e9es et la cybers\u00e9curit\u00e9 ;<\/span><\/li>\n<li style=\"font-weight: 400; text-align: justify;\" aria-level=\"1\"><span style=\"font-weight: 400; color: #000000;\">Promouvoir la cr\u00e9ation de programmes de formation continue adapt\u00e9s aux \u00e9volutions technologiques dans les secteurs strat\u00e9giques ;<\/span><\/li>\n<li style=\"font-weight: 400; text-align: justify;\" aria-level=\"1\"><span style=\"font-weight: 400; color: #000000;\">Mettre en place un cadre de veille technologique pour anticiper les tendances dans des domaines tels que la maintenance pr\u00e9dictive, la cybers\u00e9curit\u00e9 industrielle, et l\u2019optimisation \u00e9nerg\u00e9tique.<\/span><\/li>\n<\/ul>\n\n\n<p class=\"has-text-align-right\"><strong>T\u00e9l\u00e9charger <a href=\"http:\/\/links.cerist.dz\/wp-content\/uploads\/2024\/12\/Description-Links2024.pdf\" data-type=\"link\" data-id=\"http:\/\/links.cerist.dz\/wp-content\/uploads\/2024\/12\/Description-Links2024.pdf\" target=\"_blank\" rel=\"noreferrer noopener\">PDF ici<\/a><\/strong><\/p>\n\n\n\n<p><\/p>\n","protected":false},"excerpt":{"rendered":"<p>Pr\u00e9ambule Ce workshop met en lumi\u00e8re la synergie entre le centre de recherche CERIST, les acteurs socio-\u00e9conomiques, et les services [&hellip;]<\/p>\n","protected":false},"author":1,"featured_media":0,"parent":0,"menu_order":0,"comment_status":"closed","ping_status":"closed","template":"","meta":{"site-sidebar-layout":"default","site-content-layout":"","ast-site-content-layout":"","site-content-style":"default","site-sidebar-style":"default","ast-global-header-display":"","ast-banner-title-visibility":"","ast-main-header-display":"","ast-hfb-above-header-display":"","ast-hfb-below-header-display":"","ast-hfb-mobile-header-display":"","site-post-title":"disabled","ast-breadcrumbs-content":"","ast-featured-img":"","footer-sml-layout":"","theme-transparent-header-meta":"","adv-header-id-meta":"","stick-header-meta":"","header-above-stick-meta":"","header-main-stick-meta":"","header-below-stick-meta":"","astra-migrate-meta-layouts":"default","ast-page-background-enabled":"default","ast-page-background-meta":{"desktop":{"background-color":"var(--ast-global-color-4)","background-image":"","background-repeat":"repeat","background-position":"center center","background-size":"auto","background-attachment":"scroll","background-type":"","background-media":"","overlay-type":"","overlay-color":"","overlay-opacity":"","overlay-gradient":""},"tablet":{"background-color":"","background-image":"","background-repeat":"repeat","background-position":"center center","background-size":"auto","background-attachment":"scroll","background-type":"","background-media":"","overlay-type":"","overlay-color":"","overlay-opacity":"","overlay-gradient":""},"mobile":{"background-color":"","background-image":"","background-repeat":"repeat","background-position":"center center","background-size":"auto","background-attachment":"scroll","background-type":"","background-media":"","overlay-type":"","overlay-color":"","overlay-opacity":"","overlay-gradient":""}},"ast-content-background-meta":{"desktop":{"background-color":"var(--ast-global-color-5)","background-image":"","background-repeat":"repeat","background-position":"center center","background-size":"auto","background-attachment":"scroll","background-type":"","background-media":"","overlay-type":"","overlay-color":"","overlay-opacity":"","overlay-gradient":""},"tablet":{"background-color":"var(--ast-global-color-5)","background-image":"","background-repeat":"repeat","background-position":"center center","background-size":"auto","background-attachment":"scroll","background-type":"","background-media":"","overlay-type":"","overlay-color":"","overlay-opacity":"","overlay-gradient":""},"mobile":{"background-color":"var(--ast-global-color-5)","background-image":"","background-repeat":"repeat","background-position":"center center","background-size":"auto","background-attachment":"scroll","background-type":"","background-media":"","overlay-type":"","overlay-color":"","overlay-opacity":"","overlay-gradient":""}},"footnotes":""},"class_list":["post-842","page","type-page","status-publish","hentry"],"_links":{"self":[{"href":"https:\/\/links.cerist.dz\/index.php\/wp-json\/wp\/v2\/pages\/842","targetHints":{"allow":["GET"]}}],"collection":[{"href":"https:\/\/links.cerist.dz\/index.php\/wp-json\/wp\/v2\/pages"}],"about":[{"href":"https:\/\/links.cerist.dz\/index.php\/wp-json\/wp\/v2\/types\/page"}],"author":[{"embeddable":true,"href":"https:\/\/links.cerist.dz\/index.php\/wp-json\/wp\/v2\/users\/1"}],"replies":[{"embeddable":true,"href":"https:\/\/links.cerist.dz\/index.php\/wp-json\/wp\/v2\/comments?post=842"}],"version-history":[{"count":3,"href":"https:\/\/links.cerist.dz\/index.php\/wp-json\/wp\/v2\/pages\/842\/revisions"}],"predecessor-version":[{"id":1800,"href":"https:\/\/links.cerist.dz\/index.php\/wp-json\/wp\/v2\/pages\/842\/revisions\/1800"}],"wp:attachment":[{"href":"https:\/\/links.cerist.dz\/index.php\/wp-json\/wp\/v2\/media?parent=842"}],"curies":[{"name":"wp","href":"https:\/\/api.w.org\/{rel}","templated":true}]}}