{"id":280,"date":"2024-12-12T17:22:34","date_gmt":"2024-12-12T16:22:34","guid":{"rendered":"https:\/\/links.cerist.dz\/?page_id=280"},"modified":"2024-12-30T13:51:45","modified_gmt":"2024-12-30T12:51:45","slug":"ateliers","status":"publish","type":"page","link":"https:\/\/links.cerist.dz\/index.php\/ateliers\/","title":{"rendered":"Ateliers"},"content":{"rendered":"\n<figure class=\"wp-block-gallery has-nested-images columns-default is-cropped wp-block-gallery-1 is-layout-flex wp-block-gallery-is-layout-flex\">\n<figure class=\"wp-block-image size-large\"><img fetchpriority=\"high\" decoding=\"async\" width=\"1024\" height=\"193\" data-id=\"290\" src=\"https:\/\/links.cerist.dz\/wp-content\/uploads\/2024\/12\/BANNIERE-SITE-Modifiee22h50-2-1024x193.jpg\" alt=\"\" class=\"wp-image-290\" srcset=\"https:\/\/links.cerist.dz\/wp-content\/uploads\/2024\/12\/BANNIERE-SITE-Modifiee22h50-2-1024x193.jpg 1024w, https:\/\/links.cerist.dz\/wp-content\/uploads\/2024\/12\/BANNIERE-SITE-Modifiee22h50-2-300x56.jpg 300w, https:\/\/links.cerist.dz\/wp-content\/uploads\/2024\/12\/BANNIERE-SITE-Modifiee22h50-2-768x144.jpg 768w, https:\/\/links.cerist.dz\/wp-content\/uploads\/2024\/12\/BANNIERE-SITE-Modifiee22h50-2-1536x289.jpg 1536w, https:\/\/links.cerist.dz\/wp-content\/uploads\/2024\/12\/BANNIERE-SITE-Modifiee22h50-2.jpg 1601w\" sizes=\"(max-width: 1024px) 100vw, 1024px\" \/><\/figure>\n<\/figure>\n\n\n\n<h2 class=\"wp-block-heading has-text-align-center\"><strong>Th\u00e8mes des Sessions de Travail<\/strong><\/h2>\n\n\n\n<div class=\"wp-block-columns is-layout-flex wp-container-core-columns-is-layout-28f84493 wp-block-columns-is-layout-flex\">\n<div class=\"wp-block-column is-layout-flow wp-block-column-is-layout-flow\">\n<figure class=\"wp-block-image size-large\"><img decoding=\"async\" width=\"1024\" height=\"585\" src=\"http:\/\/links.cerist.dz\/wp-content\/uploads\/2024\/12\/DALL\u00b7E-2024-12-15-11.17.13-A-visually-striking-image-representing-the-concept-of-digital-intelligence-in-the-service-of-the-oil-and-gas-sector-in-the-Sahara.-The-scene-features--1024x585.webp\" alt=\"\" class=\"wp-image-300\" srcset=\"https:\/\/links.cerist.dz\/wp-content\/uploads\/2024\/12\/DALL\u00b7E-2024-12-15-11.17.13-A-visually-striking-image-representing-the-concept-of-digital-intelligence-in-the-service-of-the-oil-and-gas-sector-in-the-Sahara.-The-scene-features--1024x585.webp 1024w, https:\/\/links.cerist.dz\/wp-content\/uploads\/2024\/12\/DALL\u00b7E-2024-12-15-11.17.13-A-visually-striking-image-representing-the-concept-of-digital-intelligence-in-the-service-of-the-oil-and-gas-sector-in-the-Sahara.-The-scene-features--300x171.webp 300w, https:\/\/links.cerist.dz\/wp-content\/uploads\/2024\/12\/DALL\u00b7E-2024-12-15-11.17.13-A-visually-striking-image-representing-the-concept-of-digital-intelligence-in-the-service-of-the-oil-and-gas-sector-in-the-Sahara.-The-scene-features--768x439.webp 768w, https:\/\/links.cerist.dz\/wp-content\/uploads\/2024\/12\/DALL\u00b7E-2024-12-15-11.17.13-A-visually-striking-image-representing-the-concept-of-digital-intelligence-in-the-service-of-the-oil-and-gas-sector-in-the-Sahara.-The-scene-features--1536x878.webp 1536w, https:\/\/links.cerist.dz\/wp-content\/uploads\/2024\/12\/DALL\u00b7E-2024-12-15-11.17.13-A-visually-striking-image-representing-the-concept-of-digital-intelligence-in-the-service-of-the-oil-and-gas-sector-in-the-Sahara.-The-scene-features-.webp 1792w\" sizes=\"(max-width: 1024px) 100vw, 1024px\" \/><\/figure>\n\n\n\n<h2 class=\"wp-block-heading has-text-align-center\"><strong><a href=\"https:\/\/links.cerist.dz\/index.php\/hydrocarbures\/\" data-type=\"page\" data-id=\"448\">Hydrocarbures<\/a><\/strong><\/h2>\n\n\n\n<p class=\"has-text-align-center\"><strong><em>Intelligence num\u00e9rique au service du secteur des hydrocarbures<\/em><\/strong><\/p>\n\n\n\n<p><strong>Sous-th\u00e8mes :<\/strong><\/p>\n\n\n\n<ul class=\"wp-block-list\">\n<li><strong>Maintenance pr\u00e9dictive assist\u00e9e par l\u2019IA<\/strong> <\/li>\n\n\n\n<li><strong>Surveillance intelligente des installations<\/strong><\/li>\n\n\n\n<li><strong>Optimisation des op\u00e9rations par l&rsquo;IA<\/strong><\/li>\n\n\n\n<li><strong>S\u00e9curit\u00e9 num\u00e9rique dans l\u2019industrie p\u00e9troli\u00e8re<\/strong><br><\/li>\n<\/ul>\n<\/div>\n\n\n\n<div class=\"wp-block-column is-layout-flow wp-block-column-is-layout-flow\">\n<figure class=\"wp-block-image size-large\"><img decoding=\"async\" width=\"1024\" height=\"585\" src=\"http:\/\/links.cerist.dz\/wp-content\/uploads\/2024\/12\/electricite.png-1024x585.webp\" alt=\"\" class=\"wp-image-302\" srcset=\"https:\/\/links.cerist.dz\/wp-content\/uploads\/2024\/12\/electricite.png-1024x585.webp 1024w, https:\/\/links.cerist.dz\/wp-content\/uploads\/2024\/12\/electricite.png-300x171.webp 300w, https:\/\/links.cerist.dz\/wp-content\/uploads\/2024\/12\/electricite.png-768x439.webp 768w, https:\/\/links.cerist.dz\/wp-content\/uploads\/2024\/12\/electricite.png-1536x878.webp 1536w, https:\/\/links.cerist.dz\/wp-content\/uploads\/2024\/12\/electricite.png.webp 1792w\" sizes=\"(max-width: 1024px) 100vw, 1024px\" \/><\/figure>\n\n\n\n<h2 class=\"wp-block-heading has-text-align-center\"><strong><a href=\"https:\/\/links.cerist.dz\/index.php\/energies\/\" data-type=\"page\" data-id=\"499\">Distribution d\u2019\u00e9lectricit\u00e9 et \u00c9nergies renouvelables<\/a><\/strong><\/h2>\n\n\n\n<p class=\"has-text-align-center\"><em><strong>Intelligence num\u00e9rique au service des r\u00e9seaux \u00e9lectriques et des \u00e9nergies renouvelables<\/strong><\/em><\/p>\n\n\n\n<p><strong>Sous-th\u00e8mes :<\/strong><\/p>\n\n\n\n<ul class=\"wp-block-list\">\n<li><strong>Gestion intelligente des r\u00e9seaux (Smart Grids)<\/strong><\/li>\n\n\n\n<li><strong>Pr\u00e9diction et optimisation de la production \u00e9nerg\u00e9tique<\/strong><\/li>\n\n\n\n<li><strong>Solutions num\u00e9riques pour la maintenance des infrastructures<\/strong><\/li>\n\n\n\n<li><strong>Cyber-r\u00e9silience des r\u00e9seaux \u00e9nerg\u00e9tiques<\/strong><\/li>\n<\/ul>\n<\/div>\n<\/div>\n\n\n\n<div class=\"wp-block-columns is-layout-flex wp-container-core-columns-is-layout-28f84493 wp-block-columns-is-layout-flex\">\n<div class=\"wp-block-column is-layout-flow wp-block-column-is-layout-flow\">\n<figure class=\"wp-block-image size-large\"><img loading=\"lazy\" decoding=\"async\" width=\"1024\" height=\"585\" src=\"http:\/\/links.cerist.dz\/wp-content\/uploads\/2024\/12\/Sante-.png-1024x585.webp\" alt=\"\" class=\"wp-image-304\" srcset=\"https:\/\/links.cerist.dz\/wp-content\/uploads\/2024\/12\/Sante-.png-1024x585.webp 1024w, https:\/\/links.cerist.dz\/wp-content\/uploads\/2024\/12\/Sante-.png-300x171.webp 300w, https:\/\/links.cerist.dz\/wp-content\/uploads\/2024\/12\/Sante-.png-768x439.webp 768w, https:\/\/links.cerist.dz\/wp-content\/uploads\/2024\/12\/Sante-.png-1536x878.webp 1536w, https:\/\/links.cerist.dz\/wp-content\/uploads\/2024\/12\/Sante-.png.webp 1792w\" sizes=\"(max-width: 1024px) 100vw, 1024px\" \/><\/figure>\n\n\n\n<h2 class=\"wp-block-heading has-text-align-center\"><strong><a href=\"https:\/\/links.cerist.dz\/index.php\/sante\/\" data-type=\"page\" data-id=\"469\">Sant\u00e9 publique<\/a><\/strong><\/h2>\n\n\n\n<p class=\"has-text-align-center\"><strong><em>Intelligence num\u00e9rique au service de la sant\u00e9 publique <\/em><\/strong><\/p>\n\n\n\n<p><strong>Sous-th\u00e8mes :<\/strong><\/p>\n\n\n\n<ul class=\"wp-block-list\">\n<li><strong>T\u00e9l\u00e9m\u00e9decine et diagnostic num\u00e9rique<\/strong><\/li>\n\n\n\n<li><strong>Surveillance de la sant\u00e9 en temps r\u00e9el<\/strong><\/li>\n\n\n\n<li><strong>Digitalisation des donn\u00e9es m\u00e9dicales<\/strong><\/li>\n\n\n\n<li><strong>S\u00e9curit\u00e9 et confidentialit\u00e9 des donn\u00e9es de sant\u00e9<\/strong><\/li>\n<\/ul>\n<\/div>\n\n\n\n<div class=\"wp-block-column is-layout-flow wp-block-column-is-layout-flow\">\n<figure class=\"wp-block-image size-large\"><img loading=\"lazy\" decoding=\"async\" width=\"1024\" height=\"585\" src=\"http:\/\/links.cerist.dz\/wp-content\/uploads\/2024\/12\/Securite.png-1024x585.webp\" alt=\"\" class=\"wp-image-305\" srcset=\"https:\/\/links.cerist.dz\/wp-content\/uploads\/2024\/12\/Securite.png-1024x585.webp 1024w, https:\/\/links.cerist.dz\/wp-content\/uploads\/2024\/12\/Securite.png-300x171.webp 300w, https:\/\/links.cerist.dz\/wp-content\/uploads\/2024\/12\/Securite.png-768x439.webp 768w, https:\/\/links.cerist.dz\/wp-content\/uploads\/2024\/12\/Securite.png-1536x878.webp 1536w, https:\/\/links.cerist.dz\/wp-content\/uploads\/2024\/12\/Securite.png.webp 1792w\" sizes=\"(max-width: 1024px) 100vw, 1024px\" \/><\/figure>\n\n\n\n<h2 class=\"wp-block-heading has-text-align-center\"><strong>S\u00e9curit\u00e9 et S\u00fbret\u00e9 nationale<\/strong><\/h2>\n\n\n\n<p class=\"has-text-align-center\"><strong><em>Intelligence num\u00e9rique au service de la s\u00e9curit\u00e9 et de la s\u00fbret\u00e9 nationale<\/em><\/strong><\/p>\n\n\n\n<p><strong>Sous-th\u00e8mes :<\/strong><\/p>\n\n\n\n<ul class=\"wp-block-list\">\n<li><strong>Surveillance intelligente des infrastructures sensibles<\/strong><\/li>\n\n\n\n<li><strong>Gestion des crises et situations d\u2019urgence<\/strong><\/li>\n\n\n\n<li><strong>Cybers\u00e9curit\u00e9 des syst\u00e8mes critiques<\/strong><\/li>\n\n\n\n<li><strong>Identification num\u00e9rique avanc\u00e9e<\/strong><\/li>\n<\/ul>\n<\/div>\n<\/div>\n\n\n\n<p><\/p>\n","protected":false},"excerpt":{"rendered":"<p>Th\u00e8mes des Sessions de Travail Hydrocarbures Intelligence num\u00e9rique au service du secteur des hydrocarbures Sous-th\u00e8mes : Distribution d\u2019\u00e9lectricit\u00e9 et \u00c9nergies [&hellip;]<\/p>\n","protected":false},"author":1,"featured_media":0,"parent":0,"menu_order":0,"comment_status":"closed","ping_status":"closed","template":"","meta":{"site-sidebar-layout":"default","site-content-layout":"","ast-site-content-layout":"","site-content-style":"default","site-sidebar-style":"default","ast-global-header-display":"","ast-banner-title-visibility":"","ast-main-header-display":"","ast-hfb-above-header-display":"","ast-hfb-below-header-display":"","ast-hfb-mobile-header-display":"","site-post-title":"disabled","ast-breadcrumbs-content":"","ast-featured-img":"","footer-sml-layout":"","theme-transparent-header-meta":"","adv-header-id-meta":"","stick-header-meta":"","header-above-stick-meta":"","header-main-stick-meta":"","header-below-stick-meta":"","astra-migrate-meta-layouts":"default","ast-page-background-enabled":"default","ast-page-background-meta":{"desktop":{"background-color":"var(--ast-global-color-4)","background-image":"","background-repeat":"repeat","background-position":"center center","background-size":"auto","background-attachment":"scroll","background-type":"","background-media":"","overlay-type":"","overlay-color":"","overlay-opacity":"","overlay-gradient":""},"tablet":{"background-color":"","background-image":"","background-repeat":"repeat","background-position":"center center","background-size":"auto","background-attachment":"scroll","background-type":"","background-media":"","overlay-type":"","overlay-color":"","overlay-opacity":"","overlay-gradient":""},"mobile":{"background-color":"","background-image":"","background-repeat":"repeat","background-position":"center center","background-size":"auto","background-attachment":"scroll","background-type":"","background-media":"","overlay-type":"","overlay-color":"","overlay-opacity":"","overlay-gradient":""}},"ast-content-background-meta":{"desktop":{"background-color":"var(--ast-global-color-5)","background-image":"","background-repeat":"repeat","background-position":"center center","background-size":"auto","background-attachment":"scroll","background-type":"","background-media":"","overlay-type":"","overlay-color":"","overlay-opacity":"","overlay-gradient":""},"tablet":{"background-color":"var(--ast-global-color-5)","background-image":"","background-repeat":"repeat","background-position":"center center","background-size":"auto","background-attachment":"scroll","background-type":"","background-media":"","overlay-type":"","overlay-color":"","overlay-opacity":"","overlay-gradient":""},"mobile":{"background-color":"var(--ast-global-color-5)","background-image":"","background-repeat":"repeat","background-position":"center center","background-size":"auto","background-attachment":"scroll","background-type":"","background-media":"","overlay-type":"","overlay-color":"","overlay-opacity":"","overlay-gradient":""}},"footnotes":""},"class_list":["post-280","page","type-page","status-publish","hentry"],"_links":{"self":[{"href":"https:\/\/links.cerist.dz\/index.php\/wp-json\/wp\/v2\/pages\/280","targetHints":{"allow":["GET"]}}],"collection":[{"href":"https:\/\/links.cerist.dz\/index.php\/wp-json\/wp\/v2\/pages"}],"about":[{"href":"https:\/\/links.cerist.dz\/index.php\/wp-json\/wp\/v2\/types\/page"}],"author":[{"embeddable":true,"href":"https:\/\/links.cerist.dz\/index.php\/wp-json\/wp\/v2\/users\/1"}],"replies":[{"embeddable":true,"href":"https:\/\/links.cerist.dz\/index.php\/wp-json\/wp\/v2\/comments?post=280"}],"version-history":[{"count":12,"href":"https:\/\/links.cerist.dz\/index.php\/wp-json\/wp\/v2\/pages\/280\/revisions"}],"predecessor-version":[{"id":552,"href":"https:\/\/links.cerist.dz\/index.php\/wp-json\/wp\/v2\/pages\/280\/revisions\/552"}],"wp:attachment":[{"href":"https:\/\/links.cerist.dz\/index.php\/wp-json\/wp\/v2\/media?parent=280"}],"curies":[{"name":"wp","href":"https:\/\/api.w.org\/{rel}","templated":true}]}}